{"id":58,"date":"2022-07-27T15:48:10","date_gmt":"2022-07-27T13:48:10","guid":{"rendered":"http:\/\/ahifm.eu\/?page_id=58"},"modified":"2022-08-17T10:21:34","modified_gmt":"2022-08-17T08:21:34","slug":"spis-tresci-tom-83","status":"publish","type":"page","link":"https:\/\/ahifm.eu\/en\/spis-tresci-tom-83\/","title":{"rendered":"Spis tre\u015bci &#8211; tom 83"},"content":{"rendered":"<section class=\"l-section wpb_row height_medium\"><div class=\"l-section-h i-cf\"><div class=\"g-cols vc_row via_flex valign_top type_default stacking_default\"><div class=\"vc_col-sm-12 wpb_column vc_column_container\"><div class=\"vc_column-inner\"><div class=\"wpb_wrapper\"><div class=\"wpb_text_column\"><div class=\"wpb_wrapper\"><h1>Table of contents \u2013 vol. 83, 2020<\/h1>\n<p>Spis tre\u015bci\u00a0w <a href=\"http:\/\/ahifm.eu\/wp-content\/uploads\/2022\/07\/Spi-tresci-tom_83_2020.pdf\" target=\"_blank\" rel=\"noopener\">PDF format.<\/a>.<\/p>\n<h2>Original papers<\/h2>\n<p>1. Magdalena Mazurak<br \/>\nTomasz Cieszy\u0144ski (1920-2010) \u2013 Surgeon and Inventor<\/p>\n<p>Full text:\u00a0 <img loading=\"lazy\" class=\"\" title=\"ARCH MED_84_s9-15.pdf\" src=\"http:\/\/cejsh.icm.edu.pl\/cejsh\/images\/mime-icons\/pdf.gif\" alt=\"ARCH MED_84_s9-15.pdf\" width=\"29\" height=\"29\" \/> \u00a0<a class=\"contentLink\" href=\"https:\/\/ahifm.eu\/wp-content\/uploads\/2022\/08\/ARCH-MED_83_s9-16.pdf\" target=\"_blank\" rel=\"noopener\">Download<\/a><\/p>\n<p>2. Jacek Kotu\u0142a, Andrzej Kierzek<br \/>\nBranch of the Polish Dental Society in Zielona G\u00f3ra within 1953-2019<\/p>\n<p>Full text:\u00a0 <img loading=\"lazy\" class=\"\" title=\"ARCH MED_84_s9-15.pdf\" src=\"http:\/\/cejsh.icm.edu.pl\/cejsh\/images\/mime-icons\/pdf.gif\" alt=\"ARCH MED_84_s9-15.pdf\" width=\"29\" height=\"29\" \/> \u00a0<a class=\"contentLink\" href=\"https:\/\/ahifm.eu\/wp-content\/uploads\/2022\/08\/ARCH-MED_83_s17-29.pdf\" target=\"_blank\" rel=\"noopener\">Download<\/a><\/p>\n<p>3. Stanis\u0142aw A. Sroka<br \/>\nJan Ko\u015bmider from Ostrzesz\u00f3w. A Forgotten Medic from the Beginning of the Sixteenth\nCentury<\/p>\n<p>Full text:\u00a0 <img loading=\"lazy\" class=\"\" title=\"ARCH MED_84_s9-15.pdf\" src=\"http:\/\/cejsh.icm.edu.pl\/cejsh\/images\/mime-icons\/pdf.gif\" alt=\"ARCH MED_84_s9-15.pdf\" width=\"29\" height=\"29\" \/> \u00a0<a class=\"contentLink\" href=\"https:\/\/ahifm.eu\/wp-content\/uploads\/2022\/08\/ARCH-MED_83_s30-36.pdf\" target=\"_blank\" rel=\"noopener\">Download<\/a><\/p>\n<p>4. Micha\u0142 Pocz\u0105tek<br \/>\nMedical Matters in Biographies of Two Distinguished Citizens of Great Poland:\nStanis\u0142aw Staszic and August Cieszkowski.<\/p>\n<p>Full text:\u00a0 <img loading=\"lazy\" class=\"\" title=\"ARCH MED_84_s9-15.pdf\" src=\"http:\/\/cejsh.icm.edu.pl\/cejsh\/images\/mime-icons\/pdf.gif\" alt=\"ARCH MED_84_s9-15.pdf\" width=\"29\" height=\"29\" \/> \u00a0<a class=\"contentLink\" href=\"https:\/\/ahifm.eu\/wp-content\/uploads\/2022\/08\/ARCH-MED_83_s37-51.pdf\" target=\"_blank\" rel=\"noopener\">Download<\/a><\/p>\n<p>5. Micha\u0142 Pocz\u0105tek<br \/>\nCeliac Disease in Polish Handbooks for Students of Medicine Edited in Poland in the\nSecond Half of the XX Century.<\/p>\n<p>Full text:\u00a0 <img loading=\"lazy\" class=\"\" title=\"ARCH MED_84_s9-15.pdf\" src=\"http:\/\/cejsh.icm.edu.pl\/cejsh\/images\/mime-icons\/pdf.gif\" alt=\"ARCH MED_84_s9-15.pdf\" width=\"29\" height=\"29\" \/> \u00a0<a class=\"contentLink\" href=\"https:\/\/ahifm.eu\/wp-content\/uploads\/2022\/08\/ARCH-MED_83_s52-62.pdf\" target=\"_blank\" rel=\"noopener\">Download<\/a><\/p>\n<p>6. Agnieszka Polak, Jaros\u0142aw Sak<br \/>\nCholera epidemics in the 19th century on the example of Lublin.<\/p>\n<p>Full text:\u00a0 <img loading=\"lazy\" class=\"\" title=\"ARCH MED_84_s9-15.pdf\" src=\"http:\/\/cejsh.icm.edu.pl\/cejsh\/images\/mime-icons\/pdf.gif\" alt=\"ARCH MED_84_s9-15.pdf\" width=\"29\" height=\"29\" \/> \u00a0<a class=\"contentLink\" href=\"https:\/\/ahifm.eu\/wp-content\/uploads\/2022\/08\/ARCH-MED_83_s63-74.pdf\" target=\"_blank\" rel=\"noopener\">Download<\/a><\/p>\n<p>7. Edyta Chomentowska, Agnieszka Polak<br \/>\nThe service of mercy on the example of the medical activity of the Camillians and\nOratorians in Poland in the 20th century.<\/p>\n<p>Full text:\u00a0 <img loading=\"lazy\" class=\"\" title=\"ARCH MED_84_s9-15.pdf\" src=\"http:\/\/cejsh.icm.edu.pl\/cejsh\/images\/mime-icons\/pdf.gif\" alt=\"ARCH MED_84_s9-15.pdf\" width=\"29\" height=\"29\" \/> \u00a0<a class=\"contentLink\" href=\"https:\/\/ahifm.eu\/wp-content\/uploads\/2022\/08\/ARCH-MED_83_s75-84.pdf\" target=\"_blank\" rel=\"noopener\">Download<\/a><\/p>\n<p>8. Barbara Bruziewicz-Mik\u0142aszewska, Aleksandra Rupoci\u0144ska<br \/>\nProfessor Wladyslaw Dobrzaniecki (1897-1941) \u2013 precursor of plastic and aesthetic\nsurgery in Poland and his patient, Bogus\u0142aw Schaeffer (1929-2019).<\/p>\n<p>Full text:\u00a0 <img loading=\"lazy\" class=\"\" title=\"ARCH MED_84_s9-15.pdf\" src=\"http:\/\/cejsh.icm.edu.pl\/cejsh\/images\/mime-icons\/pdf.gif\" alt=\"ARCH MED_84_s9-15.pdf\" width=\"29\" height=\"29\" \/> \u00a0<a class=\"contentLink\" href=\"https:\/\/ahifm.eu\/wp-content\/uploads\/2022\/08\/ARCH-MED_83_s85-90.pdf\" target=\"_blank\" rel=\"noopener\">Download<\/a><\/p>\n<p>9. Micha\u0142 Adam Palacz<br \/>\nHistory of the Polish School of Medicine at the University of Edinburgh, 1941-1949.\nA New Research Perspective.<\/p>\n<p>Full text:\u00a0 <img loading=\"lazy\" class=\"\" title=\"ARCH MED_84_s9-15.pdf\" src=\"http:\/\/cejsh.icm.edu.pl\/cejsh\/images\/mime-icons\/pdf.gif\" alt=\"ARCH MED_84_s9-15.pdf\" width=\"29\" height=\"29\" \/> \u00a0<a class=\"contentLink\" href=\"https:\/\/ahifm.eu\/wp-content\/uploads\/2022\/08\/ARCH-MED_83_s91-105.pdf\" target=\"_blank\" rel=\"noopener\">Download<\/a><\/p>\n<h2>Reviews<\/h2>\n<p>10. Tomasz Kaza\u0142o<br \/>\nEdmund Waszy\u0144ski Droga do Asklepiejonu. Wydawca: Miejska Biblioteka Publiczna im. Stanis\u0142awa Grochowiaka w Lesznie, Druk: Poligrafia Salezja\u0144ska, Krak\u00f3w, ISBN 978-83-61681-27-4 Data premiery: 9 wrze\u015bnia 2020, ss. 355 + 1, ilustr.<\/p>\n<p>Full text:\u00a0 <img loading=\"lazy\" class=\"\" title=\"ARCH MED_84_s9-15.pdf\" src=\"http:\/\/cejsh.icm.edu.pl\/cejsh\/images\/mime-icons\/pdf.gif\" alt=\"ARCH MED_84_s9-15.pdf\" width=\"29\" height=\"29\" \/> \u00a0<a class=\"contentLink\" href=\"https:\/\/ahifm.eu\/wp-content\/uploads\/2022\/08\/ARCH-MED_83_s106-109.pdf\" target=\"_blank\" rel=\"noopener\">Download<\/a><\/p>\n<p>11. Andrzej Kierzek<br \/>\nJacek Kotu\u0142a Nasze lubuskie \u2013 lekarskie portrety. Portrety lubuskich lekarzy na 100-lecie odzyskania niepodleg\u0142o\u015bci\u201d. Wydawca: Zielona G\u00f3ra 2020 (Oficyna Wydawnicza Uniwersytetu Zielonog\u00f3rskiego).<\/p>\n<p>Full text:\u00a0 <img loading=\"lazy\" class=\"\" title=\"ARCH MED_84_s9-15.pdf\" src=\"http:\/\/cejsh.icm.edu.pl\/cejsh\/images\/mime-icons\/pdf.gif\" alt=\"ARCH MED_84_s9-15.pdf\" width=\"29\" height=\"29\" \/> \u00a0<a class=\"contentLink\" href=\"https:\/\/ahifm.eu\/wp-content\/uploads\/2022\/08\/ARCH-MED_83_s106-109.pdf\" target=\"_blank\" rel=\"noopener\">Download<\/a><\/p>\n<\/div><\/div><\/div><\/div><\/div><\/div><\/div><\/section>","protected":false},"excerpt":{"rendered":"Spis tre\u015bci &#8211; tom 83, rok 2020 Spis tre\u015bci\u00a0w formacie PDF. Prace oryginalne 1. Magdalena Mazurak Tomasz Cieszy\u0144ski (1920-2010) \u2013 chirurg i wynalazca. Full text:\u00a0 \u00a0Download 2. Jacek Kotu\u0142a, Andrzej Kierzek Oddzia\u0142 Polskiego Towarzystwa Stomatologicznego w Zielonej G\u00f3rze w latach 1953-2019. Full text:\u00a0 \u00a0Download 3. Stanis\u0142aw A. Sroka Jan Ko\u015bmider z Ostrzeszowa. Zapomniany medyk z...","protected":false},"author":1,"featured_media":0,"parent":0,"menu_order":0,"comment_status":"closed","ping_status":"closed","template":"","meta":[],"_links":{"self":[{"href":"https:\/\/ahifm.eu\/en\/wp-json\/wp\/v2\/pages\/58"}],"collection":[{"href":"https:\/\/ahifm.eu\/en\/wp-json\/wp\/v2\/pages"}],"about":[{"href":"https:\/\/ahifm.eu\/en\/wp-json\/wp\/v2\/types\/page"}],"author":[{"embeddable":true,"href":"https:\/\/ahifm.eu\/en\/wp-json\/wp\/v2\/users\/1"}],"replies":[{"embeddable":true,"href":"https:\/\/ahifm.eu\/en\/wp-json\/wp\/v2\/comments?post=58"}],"version-history":[{"count":8,"href":"https:\/\/ahifm.eu\/en\/wp-json\/wp\/v2\/pages\/58\/revisions"}],"predecessor-version":[{"id":131,"href":"https:\/\/ahifm.eu\/en\/wp-json\/wp\/v2\/pages\/58\/revisions\/131"}],"wp:attachment":[{"href":"https:\/\/ahifm.eu\/en\/wp-json\/wp\/v2\/media?parent=58"}],"curies":[{"name":"wp","href":"https:\/\/api.w.org\/{rel}","templated":true}]}}