{"id":55,"date":"2022-07-27T15:46:08","date_gmt":"2022-07-27T13:46:08","guid":{"rendered":"http:\/\/ahifm.eu\/?page_id=55"},"modified":"2022-07-27T15:52:12","modified_gmt":"2022-07-27T13:52:12","slug":"spis-tresci-tom-82","status":"publish","type":"page","link":"https:\/\/ahifm.eu\/en\/spis-tresci-tom-82\/","title":{"rendered":"Spis tre\u015bci &#8211; tom 82"},"content":{"rendered":"<section class=\"l-section wpb_row height_medium\"><div class=\"l-section-h i-cf\"><div class=\"g-cols vc_row via_flex valign_top type_default stacking_default\"><div class=\"vc_col-sm-12 wpb_column vc_column_container\"><div class=\"vc_column-inner\"><div class=\"wpb_wrapper\"><div class=\"wpb_text_column\"><div class=\"wpb_wrapper\"><h1>Table of contents \u2013 vol. 82, 2019<\/h1>\n<p>Table of contents in <a href=\"http:\/\/ahifm.eu\/wp-content\/uploads\/2022\/07\/Spis-tresci-tom_82_2019.pdf\" target=\"_blank\" rel=\"noopener\">PDF format.<\/a>.<\/p>\n<h2>Original papers<\/h2>\n<ol>\n<li>Micha\u0142 T von Grabowski<br \/>\nPowstanie i dzia\u0142alno\u015b\u0107 ewangelickiego Macierzystego Domu i Szpitala Diakonis w Gda\u0144sku w latach 1857 \u2013 1945.<\/li>\n<li>Andrzej Kierzek<br \/>\nLaryngologiczne dokonania Hilarego Schramma (1957 \u2013 1940), lwowskiego chirurga, pioniera chirurgii dzieci\u0119cej.<\/li>\n<li>Micha\u0142 Pocz\u0105tek<br \/>\nDziennik pacjenta izolatorium gru\u017aliczego podczas okupacji niemieckiej. 48 dni spo\u015br\u00f3d trzech miesi\u0119cy.<\/li>\n<li>Jacek Kotu\u0142a<br \/>\nJan Bohdan Gli\u0144ski (1915 \u2013 2019) \u2013 zas\u0142u\u017cony badacz historii medycyny.<\/li>\n<li>Jaros\u0142aw Sak<br \/>\nFilozoficzna refleksja nad zdrowiem i chorob\u0105 w XX w.<\/li>\n<li>Artur J Katolo<br \/>\nPrzek\u0142ad pierwszego w Europie traktatu kosmetologicznego De Ornatu Mulierum Trotuli de Ruggiero z Salerno (1035 \u2013 1097).<\/li>\n<li>Edyta Chomentowska, Agnieszka Polak<br \/>\nWanda B\u0142e\u0144ska i jej wk\u0142ad w walk\u0119 z tr\u0105dem jako chorob\u0105 stygmatyzuj\u0105c\u0105.<\/li>\n<li>Monika Zamachowska, Andrzej Grzybowski<br \/>\nJohn Hilton (1805 \u2013 1878) jego \u017cycie i osi\u0105gni\u0119cia w zakresie anatomii, chirurgii, neurologii oraz neurochirurgii.<\/li>\n<li>W\u0142odzimierz Witczak, Andrzej Grzybowski<br \/>\nOkulistyczny epizod biografii Boles\u0142awa Wieniawy-D\u0142ugoszowskiego.<\/li>\n<li>Andrzej Grzybowski, Mateusz Nawrocki, Volodymir Kitselyuk<br \/>\nWiktor Feliks Reis (1875 \u2013 1943): profesor okulistyki we Lwowie.<\/li>\n<li>Andrzej Grzybowski, Magdalena Kordys<br \/>\nKazimierz Bein (1872 \u2013 1959): wsp\u00f3\u0142za\u0142o\u017cyciel Polskiego Towarzystwa Okulistycznego i aktywny esperantysta.<\/li>\n<\/ol>\n<\/div><\/div><\/div><\/div><\/div><\/div><\/div><\/section>","protected":false},"excerpt":{"rendered":"Spis tre\u015bci &#8211; tom 82, rok 2019 Spis tre\u015bci w formacie PDF. Prace oryginalne Micha\u0142 T von Grabowski Powstanie i dzia\u0142alno\u015b\u0107 ewangelickiego Macierzystego Domu i Szpitala Diakonis w Gda\u0144sku w latach 1857 \u2013 1945. Andrzej Kierzek Laryngologiczne dokonania Hilarego Schramma (1957 \u2013 1940), lwowskiego chirurga, pioniera chirurgii dzieci\u0119cej. Micha\u0142 Pocz\u0105tek Dziennik pacjenta izolatorium gru\u017aliczego podczas...","protected":false},"author":1,"featured_media":0,"parent":0,"menu_order":0,"comment_status":"closed","ping_status":"closed","template":"","meta":[],"_links":{"self":[{"href":"https:\/\/ahifm.eu\/en\/wp-json\/wp\/v2\/pages\/55"}],"collection":[{"href":"https:\/\/ahifm.eu\/en\/wp-json\/wp\/v2\/pages"}],"about":[{"href":"https:\/\/ahifm.eu\/en\/wp-json\/wp\/v2\/types\/page"}],"author":[{"embeddable":true,"href":"https:\/\/ahifm.eu\/en\/wp-json\/wp\/v2\/users\/1"}],"replies":[{"embeddable":true,"href":"https:\/\/ahifm.eu\/en\/wp-json\/wp\/v2\/comments?post=55"}],"version-history":[{"count":2,"href":"https:\/\/ahifm.eu\/en\/wp-json\/wp\/v2\/pages\/55\/revisions"}],"predecessor-version":[{"id":73,"href":"https:\/\/ahifm.eu\/en\/wp-json\/wp\/v2\/pages\/55\/revisions\/73"}],"wp:attachment":[{"href":"https:\/\/ahifm.eu\/en\/wp-json\/wp\/v2\/media?parent=55"}],"curies":[{"name":"wp","href":"https:\/\/api.w.org\/{rel}","templated":true}]}}