{"id":52,"date":"2022-07-27T15:44:19","date_gmt":"2022-07-27T13:44:19","guid":{"rendered":"http:\/\/ahifm.eu\/?page_id=52"},"modified":"2022-07-27T15:52:07","modified_gmt":"2022-07-27T13:52:07","slug":"spis-tresci-tom-81","status":"publish","type":"page","link":"https:\/\/ahifm.eu\/en\/spis-tresci-tom-81\/","title":{"rendered":"Spis tre\u015bci &#8211; tom 81"},"content":{"rendered":"<section class=\"l-section wpb_row height_medium\"><div class=\"l-section-h i-cf\"><div class=\"g-cols vc_row via_flex valign_top type_default stacking_default\"><div class=\"vc_col-sm-12 wpb_column vc_column_container\"><div class=\"vc_column-inner\"><div class=\"wpb_wrapper\"><div class=\"wpb_text_column\"><div class=\"wpb_wrapper\"><h1>Table of contents \u2013 vol. 81, 2018<\/h1>\n<p>Table of contents in <a href=\"http:\/\/ahifm.eu\/wp-content\/uploads\/2022\/07\/Spis-tresci-tom_81_2018.pdf\" target=\"_blank\" rel=\"noopener\">PDF format.<\/a>.<\/p>\n<h2>Original papers<\/h2>\n<ol>\n<li>Micha\u0142 T von Grabowski<br \/>\nOkoliczno\u015bci powstania i dzia\u0142alno\u015b\u0107 Szpitala Naj\u015bwi\u0119tszej Maryi Panny Si\u00f3str Boromeuszek w Gda\u0144sku w latach 1852 \u2013 1945<\/li>\n<li>Micha\u0142 Pocz\u0105tek<br \/>\nHistoryczne i filozoficzne aspekty bada\u0144 na stwardnieniem rozsianym<\/li>\n<li>Andrzej Grzybowski, Kajetan Charzewski<br \/>\nOjciec i lekarz Adam Wi\u015bniewski \u2013 jego praca na rzecz tr\u0119dowatych w Indiach.<\/li>\n<li>Jacek Kotu\u0142a<br \/>\nDr n. med. Tadeusz Zgorzalewicz (1922-2018) \u2013 lekarz, wsp\u00f3\u0142tw\u00f3rca zielonog\u00f3rskiej \u201eSolidarno\u015bci\u201d i Okr\u0119gowej Izby Lekarskiej w Zielonej G\u00f3rze<\/li>\n<li>W\u0142odzimierz Witczak<br \/>\nW kr\u0119gu przyjaci\u00f3\u0142 Fryderyka Chopina \u2013 doktor Jan Matuszy\u0144ski (1808-1842)<\/li>\n<li>Micha\u0142 Celejewski, Jakub Pawlikowski<br \/>\nOd \u201eBobolanum\u201d do szpitala NATO. Historia 1 Wojskowego Szpitala Klinicznego z oliklinik\u0105 w Lublinie<\/li>\n<li>Dorota Sidorowicz-Mulak<br \/>\nKsi\u0119gozbi\u00f3r Piotra Krausneckera (1763?-1842) w Bibliotece Ossolineum<\/li>\n<li>Beata Dobrowolska, Ma\u0142gorzata Pabi\u015b, Anna Kopiejek<br \/>\nEtos zawodowy piel\u0119gniarek w czasie niewoli w obozie koncentracyjnym Majdanek<\/li>\n<li>Igor Zimin, Andrzej Grzybowski<br \/>\nSpectacles in Russia from Moscow Tsardom to Russian Empire. XVII &#8211; H1 of the XIX Century.<\/li>\n<li>Andrzej Grzybowski, Mateusz Nawrocki<br \/>\nKarol Roman Na\u0142\u0119cz-Brudzewski (1868-1935): znacz\u0105cy polski okulista i utalentowany rze\u017abiarz<\/li>\n<li>Andrzej Grzybowski, Magdalena Kordys<br \/>\nStanis\u0142aw Lubicz Ko\u015bmi\u0144ski (1837- 1883): pionier okulistyki dzieci\u0119cej i wybitny historyk medycyny.<\/li>\n<\/ol>\n<h2>Reviews<\/h2>\n<ol start=\"12\">\n<li>Henryk Gaertner<br \/>\nObchody Jubileuszu 150-lecia Towarzystwa Lekarskiego Krakowskiego \/1866-2016\/ Towarzystwo Lekarskie Krakowskie \/TLK\/ Krak\u00f3w 2017, s.317, ilustr., 83-913723-24 XVII Spektrum. Almanach 50 lat Unii Polskich Pisarzy Lekarzy Unia Polskich Pisarzy Lekarzy Warszawa 2017, s. 211, ilustr., ISBN 978-83-942437-2-2<\/li>\n<li>Zdzis\u0142aw Gajda<br \/>\nMedycyna we fraszkach Wac\u0142awa Potockiego<\/li>\n<li>W\u0142odzimierz Witczak<br \/>\nRecenzja ksi\u0105\u017cki Barbary Szczepanowicz \u201eZdrowie i choroba w \u015bwietle Biblii\u201d (Dehon \u2013 Wydawnictwo Ksi\u0119\u017cy Sercan\u00f3w. Krak\u00f3w 2018)<\/li>\n<\/ol>\n<\/div><\/div><\/div><\/div><\/div><\/div><\/div><\/section>","protected":false},"excerpt":{"rendered":"Spis tre\u015bci &#8211; tom 81, rok 2018 Spis tre\u015bci w formacie PDF. Prace oryginalne Micha\u0142 T von Grabowski Okoliczno\u015bci powstania i dzia\u0142alno\u015b\u0107 Szpitala Naj\u015bwi\u0119tszej Maryi Panny Si\u00f3str Boromeuszek w Gda\u0144sku w latach 1852 \u2013 1945 Micha\u0142 Pocz\u0105tek Historyczne i filozoficzne aspekty bada\u0144 na stwardnieniem rozsianym Andrzej Grzybowski, Kajetan Charzewski Ojciec i lekarz Adam Wi\u015bniewski \u2013...","protected":false},"author":1,"featured_media":0,"parent":0,"menu_order":0,"comment_status":"closed","ping_status":"closed","template":"","meta":[],"_links":{"self":[{"href":"https:\/\/ahifm.eu\/en\/wp-json\/wp\/v2\/pages\/52"}],"collection":[{"href":"https:\/\/ahifm.eu\/en\/wp-json\/wp\/v2\/pages"}],"about":[{"href":"https:\/\/ahifm.eu\/en\/wp-json\/wp\/v2\/types\/page"}],"author":[{"embeddable":true,"href":"https:\/\/ahifm.eu\/en\/wp-json\/wp\/v2\/users\/1"}],"replies":[{"embeddable":true,"href":"https:\/\/ahifm.eu\/en\/wp-json\/wp\/v2\/comments?post=52"}],"version-history":[{"count":2,"href":"https:\/\/ahifm.eu\/en\/wp-json\/wp\/v2\/pages\/52\/revisions"}],"predecessor-version":[{"id":72,"href":"https:\/\/ahifm.eu\/en\/wp-json\/wp\/v2\/pages\/52\/revisions\/72"}],"wp:attachment":[{"href":"https:\/\/ahifm.eu\/en\/wp-json\/wp\/v2\/media?parent=52"}],"curies":[{"name":"wp","href":"https:\/\/api.w.org\/{rel}","templated":true}]}}