{"id":39,"date":"2022-07-27T14:49:36","date_gmt":"2022-07-27T12:49:36","guid":{"rendered":"http:\/\/ahifm.eu\/?page_id=39"},"modified":"2023-03-08T09:37:19","modified_gmt":"2023-03-08T08:37:19","slug":"o-towarzystwie","status":"publish","type":"page","link":"https:\/\/ahifm.eu\/en\/o-towarzystwie\/","title":{"rendered":"About the Society"},"content":{"rendered":"<section class=\"l-section wpb_row height_medium\"><div class=\"l-section-h i-cf\"><div class=\"g-cols vc_row via_flex valign_top type_default stacking_default\"><div class=\"vc_col-sm-12 wpb_column vc_column_container\"><div class=\"vc_column-inner\"><div class=\"wpb_wrapper\"><div class=\"wpb_text_column\"><div class=\"wpb_wrapper\"><h1>Information about the Society<\/h1>\n<p>The Polish Society for the History and Philosophy of Medicine was founded on December 7, 2016 in Poznan, Poland.<\/p>\n<p class=\" translation-block\">Statutes of the Society <a href=\"https:\/\/ahifm.eu\/wp-content\/uploads\/2022\/08\/STATUTE-POLISH-SOCIETY-FOR-THE-HISTORY-AND-PHILOSOPHY-OF-MEDICINE.pdf\" target=\"_blank\" rel=\"noopener\"> in PDF format<\/a>.<\/p>\n<p>The purpose of the Society is to conduct:<\/p>\n<ol>\n<li>scientific activity, including, first of all, initiating, supporting and coordinating scientific and research work in the history of medicine and philosophy of medicine,<\/li>\n<li>educational activities \u2013 education in the history and philosophy of medicine at various levels and in various professional circles,<\/li>\n<li>popularization activity \u2013 dissemination of knowledge in the history of medicine and philosophy of medicine,<\/li>\n<li>advisory and consultative activity \u2013 cooperation with state institutions, local governments and non-governmental organizations in solving practical problems in the humanistic foundations of medicine that arise as a result of the development of biomedical sciences and medical activity,<\/li>\n<li>opinion-forming activity \u2013 inspiring and conducting debates and discussions on the role and significance of the history and philosophy of medicine in the current dimension of medical science,<\/li>\n<li>publishing and translation activities.<\/li>\n<\/ol>\n<p>The Society aims to work for:<\/p>\n<ol>\n<li>integration of the community of physicians and dentists interested in the history of medicine and the history of their profession,<\/li>\n<li>integrating the community of historians and philosophers of medicine, as well as all those interested in the history and philosophy of medicine in Poland,<\/li>\n<li>to bring the Polish scientific community closer to the knowledge of the history of medical science and philosophy of medicine,<\/li>\n<li>to popularize historical and medical knowledge<\/li>\n<li>solving problems in the field of medical humanities that arise as a result of the development of biomedical sciences and medical activities.<\/li>\n<\/ol>\n<h2>Composition of the Board<\/h2>\n<p>Andrzej Grzybowski, MD, PhD, Professor of Ophthalmology \u2013 President<br \/>\nJaros\u0142aw Sak, MD, PhD \u2013 Vice President<br \/>\nW\u0142odzimierz Witczak, MD, PhD \u2013 Secretary<br \/>\nTomasz Kaza\u0142o, MD, PhD \u2013 Treasurer<\/p>\n<h2>Address and contact<\/h2>\n<p>Polish Society for the History and Philosophy of Medicine<br \/>\n2\/3 Gorczyczewskiego St.<br \/>\n60-554 Poznan<br \/>\ne-mail:\u00a0<a href=\"mailto:pthifm@gmail.com\">pthifm@gmail.com<\/a><br \/>\nphone: <a href=\"tel: 48512359821\">512359821<\/a><\/p>\n<\/div><\/div><\/div><\/div><\/div><\/div><\/div><\/section>","protected":false},"excerpt":{"rendered":"Informacja na temat Towarzystwa Polskie Towarzystwo Historii i Filozofii Medycyny zosta\u0142o za\u0142o\u017cone 7 grudnia 2016 r. w Poznaniu. Statut Towarzystwa w formacie PDF. Celem Towarzystwa jest prowadzenie: dzia\u0142alno\u015bci naukowej, w tym przede wszystkim inicjowanie, wspieranie i koordynowanie prac naukowo &#8211; badawczych w obr\u0119bie historii medycyny i filozofii medycyny, dzia\u0142alno\u015bci edukacyjnej \u2013 kszta\u0142cenie w zakresie historii...","protected":false},"author":1,"featured_media":0,"parent":0,"menu_order":0,"comment_status":"closed","ping_status":"closed","template":"","meta":[],"_links":{"self":[{"href":"https:\/\/ahifm.eu\/en\/wp-json\/wp\/v2\/pages\/39"}],"collection":[{"href":"https:\/\/ahifm.eu\/en\/wp-json\/wp\/v2\/pages"}],"about":[{"href":"https:\/\/ahifm.eu\/en\/wp-json\/wp\/v2\/types\/page"}],"author":[{"embeddable":true,"href":"https:\/\/ahifm.eu\/en\/wp-json\/wp\/v2\/users\/1"}],"replies":[{"embeddable":true,"href":"https:\/\/ahifm.eu\/en\/wp-json\/wp\/v2\/comments?post=39"}],"version-history":[{"count":4,"href":"https:\/\/ahifm.eu\/en\/wp-json\/wp\/v2\/pages\/39\/revisions"}],"predecessor-version":[{"id":148,"href":"https:\/\/ahifm.eu\/en\/wp-json\/wp\/v2\/pages\/39\/revisions\/148"}],"wp:attachment":[{"href":"https:\/\/ahifm.eu\/en\/wp-json\/wp\/v2\/media?parent=39"}],"curies":[{"name":"wp","href":"https:\/\/api.w.org\/{rel}","templated":true}]}}