{"id":2,"date":"2021-10-14T13:05:18","date_gmt":"2021-10-14T11:05:18","guid":{"rendered":"http:\/\/ahifm.eu\/?page_id=2"},"modified":"2023-06-14T19:04:40","modified_gmt":"2023-06-14T17:04:40","slug":"strona-glowna","status":"publish","type":"page","link":"https:\/\/ahifm.eu\/en\/","title":{"rendered":"About the Journal"},"content":{"rendered":"<section class=\"l-section wpb_row height_medium\"><div class=\"l-section-h i-cf\"><div class=\"g-cols vc_row via_flex valign_top type_default stacking_default\"><div class=\"vc_col-sm-12 wpb_column vc_column_container\"><div class=\"vc_column-inner\"><div class=\"wpb_wrapper\"><div class=\"w-image align_center\"><div class=\"w-image-h\"><img width=\"310\" height=\"450\" src=\"https:\/\/ahifm.eu\/wp-content\/uploads\/2022\/07\/ahifm.jpg\" class=\"attachment-us_600_450 size-us_600_450\" alt=\"ahifm\" loading=\"lazy\" srcset=\"https:\/\/ahifm.eu\/wp-content\/uploads\/2022\/07\/ahifm.jpg 593w, https:\/\/ahifm.eu\/wp-content\/uploads\/2022\/07\/ahifm-207x300.jpg 207w, https:\/\/ahifm.eu\/wp-content\/uploads\/2022\/07\/ahifm-310x450.jpg 310w\" sizes=\"(max-width: 310px) 100vw, 310px\" \/><\/div><\/div><div class=\"w-separator size_medium\"><\/div><div class=\"wpb_text_column\"><div class=\"wpb_wrapper\"><h1>About the Journal<\/h1>\n<p>\"Archives of the History and Philosophy of Medicine\" is a periodical founded in 1924 on the initiative of Professor Adam Wrzosek. Over the years, the journal has changed its name, editors-in-chief and layout, but still remains one of the few scientific specialized titles published periodically on a global scale. From the very beginning, it has become the most important Polish scientific journal on the history and philosophy of medicine.<\/p>\n<p>\"Archives of the History and Philosophy of Medicine\" publishes scientific articles on the history and philosophy of medicine.<\/p>\n<p>The journal has an international editorial team. It is the organ of <a href=\"https:\/\/ahifm.eu\/en\/o-towarzystwie\/\">The Polish Society for the History of Philosophy and Medicine<\/a> and is currently published as a yearbook by Polihymnia Music Publishing House of Lublin. Articles are archived in Google Scholar. The archive is not published for profit, and advertising is not included in the pages.<\/p>\n<p>The price of one issue is 200 PLN. Please send orders to the editorial address.<\/p>\n<h2>Editorial address<\/h2>\n<p>Archives of the History and Philosophy of Medicine<br \/>\n2\/3 Gorczyczewskiego St.<br \/>\n60-554 Poznan<br \/>\ne-mail: <a href=\"mailto:redakcja.ahifm@gmail.com\">redakcja.ahifm@gmail.com <\/a><br \/>\nphone: <a href=\"tel: 48512359821\">512359821<\/a><\/p>\n<h2>Editorial Board<\/h2>\n<ul>\n<li>Prof. dr hab. n. med. Andrzej Grzybowski \u2013 redaktor naczelny \u2013 Katedra Okulistyki Uniwersytetu Warmi\u0144sko-Mazurskiego w Olsztynie, (Polska)<\/li>\n<li>Dr hab. n. med. Jaros\u0142aw Sak \u2013 zast\u0119pca redaktora \u2013 Uniwersytet Medyczny w Lublinie, (Polska)<\/li>\n<li>Dr med. W\u0142odzimierz Witczak \u2013 zast\u0119pca redaktora\u2013 Wielospecjalistyczny <em>Szpital Miejski<\/em>\u00a0im.\u00a0<em>J<\/em>.\u00a0<em>Strusia<\/em>, (Polska)<\/li>\n<\/ul>\n<p>&nbsp;<\/p>\n<ul>\n<li>Prof. nadzw. Karel \u010cern\u00fd \u2013 Instytut Historii Medycyny i J\u0119zyk\u00f3w Obcych First Faculty of Medicine Charles University, (Czechy)<\/li>\n<li>Dr. Robert J. Feibel \u2013 University of Ottawa, (USA)<\/li>\n<li>Prof. dr hab. Andrzej Felchner \u2013 Uniwersytet Jana Kochanowskiego w Kielcach Filia w Piotrkowie Trybunalskim, (Polska)<\/li>\n<li>Prof. dr hab. Czes\u0142aw Je\u015bman \u2013 Uniwersytet Medyczny w \u0141odzi, (Polska)<\/li>\n<li>Prof. Vaida Kamuntavi\u010dien\u0117 \u2013 Uniwersytet Witolda Wielkiego w Kownie, (Litwa)<\/li>\n<li>Prof. dr hab. Andrzej Kierzek \u2013 Uniwersytet Medyczny im. Piast\u00f3w \u015al\u0105skich we Wroc\u0142awiu, (Polska)<\/li>\n<li>Dr. hab. Aleksandra K\u0142adna \u2013 Pomorski Uniwersytet Medyczny w Szczecinie, (Polska)<\/li>\n<li>Dr n.med Jacek Kotu\u0142a \u2013 Uniwersytet w Zielonej G\u00f3rze, (Polska)<\/li>\n<li>Prof. dr hab. nauk med. Eugeniusz Kucharz \u2013 \u015al\u0105ski Uniwersytet Medyczny w Katowicach, (Polska)<\/li>\n<li>Prof. Christopher T. Leffler \u2013 Virginia Commonwealth University Medical Center, (USA)<\/li>\n<li>Prof. dr hab. Halina Lichocka \u2013 Zak\u0142ad Historii Nauk \u015acis\u0142ych, Przyrodniczych i Techniki, Instytut Historii Nauki PAN im. Ludwika i Aleksandra Birkenmajer\u00f3w, (Polska)<\/li>\n<li>Prof. nadzw. Donatella Lippi \u2013 Uniwersystet we Florencji, (W\u0142ochy)<\/li>\n<li>Prof. Marta Nadraga \u2013 Narodowy Uniwersystet Medyczny we Lwowie, (Ukraina)<\/li>\n<li>Dr n. hum Agnieszka Polak \u2013 Uniwersytet Medyczny w Lublinie, (Polska)<\/li>\n<li>Prof dr hab. med. Janusz Skalski \u2013 Uniwersytet Jagiello\u0144ski, (Polska)<\/li>\n<li>Dr n.med. Ewa Skrzypek \u2013 Warszawski Uniwersytet Medyczny, (Polska),<\/li>\n<li>Dr hab. n. med. Adam Szarszewski \u2013 Gda\u0144ski Uniwersytet Medyczny, (Polska)<\/li>\n<li>Prof. dr hab. Bo\u017cena Urbanek \u2013 Instytut Historii Nauki PAN, (Polska)<\/li>\n<li>Prof. George M. Weisz \u2013 University of New South Wales, (Australia)<\/li>\n<\/ul>\n<\/div><\/div><\/div><\/div><\/div><\/div><\/div><\/section>","protected":false},"excerpt":{"rendered":"O czasopi\u015bmie \u201eArchiwum Historii i Filozofii Medycyny\u201d jest periodykiem powsta\u0142ym w 1924 r. z inicjatywy Profesora Adama Wrzoska. Przez lata czasopismo zmienia\u0142o nazw\u0119, redaktor\u00f3w naczelnych i szat\u0119 graficzn\u0105, ci\u0105gle jednak pozostaj\u0105c jednym z nielicznych na skal\u0119 \u015bwiatow\u0105 naukowych tytu\u0142\u00f3w specjalistycznych wydawanych cyklicznie. Od samego pocz\u0105tku czasopismo sta\u0142o si\u0119 najwa\u017cniejszym polskim czasopismem naukowym dotycz\u0105cym historii i...","protected":false},"author":1,"featured_media":0,"parent":0,"menu_order":0,"comment_status":"closed","ping_status":"closed","template":"","meta":[],"_links":{"self":[{"href":"https:\/\/ahifm.eu\/en\/wp-json\/wp\/v2\/pages\/2"}],"collection":[{"href":"https:\/\/ahifm.eu\/en\/wp-json\/wp\/v2\/pages"}],"about":[{"href":"https:\/\/ahifm.eu\/en\/wp-json\/wp\/v2\/types\/page"}],"author":[{"embeddable":true,"href":"https:\/\/ahifm.eu\/en\/wp-json\/wp\/v2\/users\/1"}],"replies":[{"embeddable":true,"href":"https:\/\/ahifm.eu\/en\/wp-json\/wp\/v2\/comments?post=2"}],"version-history":[{"count":27,"href":"https:\/\/ahifm.eu\/en\/wp-json\/wp\/v2\/pages\/2\/revisions"}],"predecessor-version":[{"id":182,"href":"https:\/\/ahifm.eu\/en\/wp-json\/wp\/v2\/pages\/2\/revisions\/182"}],"wp:attachment":[{"href":"https:\/\/ahifm.eu\/en\/wp-json\/wp\/v2\/media?parent=2"}],"curies":[{"name":"wp","href":"https:\/\/api.w.org\/{rel}","templated":true}]}}